{"id":4334,"date":"2020-12-22T17:12:08","date_gmt":"2020-12-22T17:12:08","guid":{"rendered":"https:\/\/komedialdia.com\/politica-de-cookies\/"},"modified":"2021-03-30T08:35:10","modified_gmt":"2021-03-30T06:35:10","slug":"politica-de-cookies","status":"publish","type":"page","link":"https:\/\/komedialdia.com\/eu\/politica-de-cookies\/","title":{"rendered":"Cookie-politika"},"content":{"rendered":"<div class=\"fusion-fullwidth fullwidth-box fusion-builder-row-1 fusion-flex-container nonhundred-percent-fullwidth non-hundred-percent-height-scrolling\" style=\"--awb-border-radius-top-left:0px;--awb-border-radius-top-right:0px;--awb-border-radius-bottom-right:0px;--awb-border-radius-bottom-left:0px;--awb-flex-wrap:wrap;\" ><div class=\"fusion-builder-row fusion-row fusion-flex-align-items-flex-start fusion-flex-content-wrap\" style=\"max-width:95.68%;margin-left: calc(-4% \/ 2 );margin-right: calc(-4% \/ 2 );\"><div class=\"fusion-layout-column fusion_builder_column fusion-builder-column-0 fusion_builder_column_1_1 1_1 fusion-flex-column\" style=\"--awb-bg-size:cover;--awb-width-large:100%;--awb-margin-top-large:0px;--awb-spacing-right-large:1.92%;--awb-margin-bottom-large:20px;--awb-spacing-left-large:1.92%;--awb-width-medium:100%;--awb-order-medium:0;--awb-spacing-right-medium:1.92%;--awb-spacing-left-medium:1.92%;--awb-width-small:100%;--awb-order-small:0;--awb-spacing-right-small:1.92%;--awb-spacing-left-small:1.92%;\"><div class=\"fusion-column-wrapper fusion-column-has-shadow fusion-flex-justify-content-flex-start fusion-content-layout-column\"><div class=\"fusion-text fusion-text-1\"><p>Este sitio web usa Cookies para mejorar y optimizar la experiencia de la persona usuaria. A continuaci\u00f3n, encontrar\u00e1s informaci\u00f3n detallada sobre qu\u00e9 son las \"Cookies\", qu\u00e9 tipolog\u00eda utiliza este sitio web, c\u00f3mo puedes desactivarlas en tu navegador y c\u00f3mo bloquear espec\u00edficamente la instalaci\u00f3n de Cookies de terceros.<\/p>\n<p><strong>\u00bfQu\u00e9 son las Cookies y c\u00f3mo las utilizan los sitios web de Asociaci\u00f3n KomedialdiAraba Elkartea?<\/strong><\/p>\n<p>Las Cookies son archivos que el sitio web o la aplicaci\u00f3n que utilizas instala en tu navegador o en tu dispositivo (Smartphone, tableta\u2026\u2026) durante tu recorrido por las p\u00e1ginas o por la aplicaci\u00f3n, y sirven para almacenar informaci\u00f3n sobre tu visita. Como la mayor\u00eda de los sitios en internet, los portales web de Asociaci\u00f3n KomedialdiAraba Elkartea utilizan Cookies para:<\/p>\n<ul>\n<li>Asegurar que las p\u00e1ginas web pueden funcionar correctamente<\/li>\n<li>Almacenar sus preferencias, como el idioma que has seleccionado o el tama\u00f1o de letra.<\/li>\n<li>Conocer tu experiencia de navegaci\u00f3n.<\/li>\n<li>Recopilar informaci\u00f3n estad\u00edstica an\u00f3nima, como qu\u00e9 p\u00e1ginas has visto o cu\u00e1nto tiempo has estado en nuestros medios.<\/li>\n<\/ul>\n<p>El uso de Cookies nos permite optimizar tu navegaci\u00f3n, adaptando la informaci\u00f3n y los servicios ofrecidos a tus intereses, para proporcionarte una mejor experiencia siempre que nos visites. Los sitios web de Asociaci\u00f3n KomedialdiAraba Elkarteautilizan Cookies para funcionar, adaptar y facilitar al m\u00e1ximo la navegaci\u00f3n de la persona usuaria.<\/p>\n<p>Las Cookies se asocian \u00fanicamente a una persona usuaria an\u00f3nima y su ordenador\/dispositivo y no proporcionan referencias que permitan conocer datos personales. En todo momento podr\u00e1s acceder a la configuraci\u00f3n de tu navegador para modificar y\/o bloquear la instalaci\u00f3n de las Cookies enviadas por los sitios web de Asociaci\u00f3n KomedialdiAraba Elkartea, sin que ello impida al acceso a los contenidos. Sin embargo, la calidad del funcionamiento de los Servicios puede verse afectada.<\/p>\n<p>Las persona usuarias que completen el proceso de registro o hayan iniciado sesi\u00f3n con sus datos de acceso podr\u00e1n acceder a servicios personalizados y adaptados a sus preferencias seg\u00fan la informaci\u00f3n personal suministrada en el momento del registro y la almacenada en la Cookie de su navegador.<\/p>\n<ul>\n<li>Las cookies de autenticaci\u00f3n son por defecto cookies temporales (por sesiones) no persistentes, sin embargo, las personas usuarias pueden hacerla persistente marcando la casilla \"Remember login\" en el control de acceso. Para personas usuarias registrados.<\/li>\n<li>Las cookies de sesi\u00f3n, que se producen al loguearse tienen una duraci\u00f3n de 30 minutos desde \u00faltimo per\u00edodo de actividad. Para persona usuarias registradas.<\/li>\n<li>Se crea una cookie llamada \"lenguaje\" para almacenar el lenguaje -en una instalaci\u00f3n monoling\u00fces esto es simplemente el idioma por defecto del navegador, pero si el sitio es compatible con varios idiomas, entonces puede ser diferente seg\u00fan el idioma seleccionado. Para todo tipo de personas usuarias.<\/li>\n<\/ul>\n<p>Cookies t\u00e9cnicas<\/p>\n<ul>\n<li>wp-settings-: Cookie t\u00e9cnica que se usa para mantener la configuraci\u00f3n del usuario en wp-admin. Es persistente y tiene una duraci\u00f3n de 1 a\u00f1o.<\/li>\n<li>hasConsent: Cookie t\u00e9cnica que almacena el consentimiento del usuario. Es persistente y tiene una duraci\u00f3n de 1 a\u00f1o.<\/li>\n<\/ul>\n<p>Cookies de an\u00e1lisis o medici\u00f3n<\/p>\n<ul>\n<li>_ga:Cookie Anal\u00edtica que habilita la funci\u00f3n de control de visitas \u00fanicas. Es persistente y tiene una duraci\u00f3n de 2 a\u00f1os.<\/li>\n<li>_gat:Cookie Anal\u00edtica para limitar el n\u00famero de solicitudes. Su \u00e1mbito es la sesi\u00f3n y tiene una duraci\u00f3n de 1 minuto.<\/li>\n<li>_gid:Cookie Anal\u00edtica para distinguir usuarios. Su \u00e1mbito es la sesi\u00f3n y tiene una duraci\u00f3n de 24 horas.<\/li>\n<\/ul>\n<p>Informaci\u00f3n adicional<\/p>\n<ul>\n<li>Google Analytics puede instalar otras cookies seg\u00fan el documento Uso de las cookies de Google Analytics en sitios web.<\/li>\n<\/ul>\n<p>Cookies sociales<\/p>\n<ul>\n<li>El sitio Web incluye otras funcionalidades proporcionadas por servicios de terceros y redes sociales para mejorar la experiencia de los visitantes. Puedes compartir el contenido en sus redes sociales como \u00abFacebook\u00bb, \u00abTwitter\u00bb, \u00abInstagram\u00bb, \u00abVimeo\u00bb o \u00abYouTube\u00bb con los botones incluidos a tal efecto o con las herramientas para compartir propias de las redes sociales. Como resultado, estos servicios pueden instalar cookies y utilizarlas para rastrear tu actividad online. No tenemos control directo sobre la informaci\u00f3n recopilada por estas cookies.<\/li>\n<\/ul>\n<p>El sitio Web puede instalar otras cookies:<\/p>\n<p>cp-impression-added-forcp_id_be96b<br \/>\ncp_id_be96b<br \/>\nMCPopupClosed<br \/>\nwordpress_test_cookie<br \/>\nwp-settings-*<\/p>\n<p><strong>\u00bfC\u00f3mo puedo configurar mis Cookies?<\/strong><\/p>\n<ul>\n<li>Al navegar y continuar en nuestro Sitio Web estar\u00e1 consintiendo el uso de las Cookies en las condiciones contenidas en la presente Pol\u00edtica de Cookies. Asociaci\u00f3n KomedialdiAraba Elkartea proporciona acceso a esta Pol\u00edtica de Cookies en el momento del registro con el objetivo de que la persona usuaria est\u00e9 informada, y sin perjuicio de que \u00e9sta pueda ejercer su derecho a bloquear, eliminar y rechazar el uso de Cookies en todo momento.<\/li>\n<li>En cualquier caso, te informamos de que, dado que las Cookies no son necesarias para el uso de nuestro Sitio Web, puedes bloquearlas o deshabilitarlas activando la configuraci\u00f3n de su navegador, que te permite rechazar la instalaci\u00f3n de todas las cookies o de algunas de ellas. La pr\u00e1ctica mayor\u00eda de los navegadores permiten advertir de la presencia de Cookies o rechazarlas autom\u00e1ticamente. Si las rechazas podr\u00e1 seguir usando nuestro Sitio Web, aunque el uso de algunos de sus servicios podr\u00e1 ser limitado y por tanto tu experiencia en nuestro Sitio Web menos satisfactoria.<\/li>\n<\/ul>\n<p><strong>\u00bfC\u00f3mo puedo bloquear o permitir las cookies?<\/strong><\/p>\n<p>La persona usuaria podr\u00e1 -en cualquier momento-elegir qu\u00e9 cookies quiere que funcionen en este sitio web mediante:<\/p>\n<ul>\n<li>la configuraci\u00f3n del navegador; por ejemplo:\n<ul>\n<li>Chrome, desde <a href=\"http:\/\/support.google.com\/chrome\/bin\/answer.py?hl=es&answer=95647\">http:\/\/support.google.com\/chrome\/bin\/answer.py?hl=es&answer=95647<\/a><\/li>\n<li>Explorer, desde <a href=\"http:\/\/windows.microsoft.com\/es-es\/windows7\/how-to-manage-cookies-in-internet-explorer-9\">http:\/\/windows.microsoft.com\/es-es\/windows7\/how-to-manage-cookies-in-internet-explorer-9<\/a><\/li>\n<li>Firefox, desde <a href=\"http:\/\/support.mozilla.org\/es\/kb\/habilitar-y-deshabilitar-cookies-que-los-sitios-we\">http:\/\/support.mozilla.org\/es\/kb\/habilitar-y-deshabilitar-cookies-que-los-sitios-we<\/a><\/li>\n<li>Safari, desde <a href=\"http:\/\/support.apple.com\/kb\/ph5042\">http:\/\/support.apple.com\/kb\/ph5042<\/a><\/li>\n<\/ul>\n<\/li>\n<li>Existen herramientas de terceros, disponibles on line, que permiten a las personas usuarias detectar las cookies en cada sitio web que visita y gestionar su desactivaci\u00f3n.<\/li>\n<\/ul>\n<\/div><\/div><\/div><\/div><\/div>\n","protected":false},"excerpt":{"rendered":"","protected":false},"author":1,"featured_media":4184,"parent":0,"menu_order":0,"comment_status":"closed","ping_status":"closed","template":"","meta":{"footnotes":""},"class_list":["post-4334","page","type-page","status-publish","has-post-thumbnail","hentry"],"yoast_head":"<!-- This site is optimized with the Yoast SEO plugin v27.5 - https:\/\/yoast.com\/product\/yoast-seo-wordpress\/ -->\n<title>Cookie-politika - Komedialdia<\/title>\n<meta name=\"robots\" content=\"index, follow, max-snippet:-1, max-image-preview:large, max-video-preview:-1\" \/>\n<link rel=\"canonical\" href=\"https:\/\/komedialdia.com\/eu\/politica-de-cookies\/\" \/>\n<meta property=\"og:locale\" content=\"eu_ES\" \/>\n<meta property=\"og:type\" content=\"article\" \/>\n<meta property=\"og:title\" content=\"Cookie-politika - Komedialdia\" \/>\n<meta property=\"og:url\" content=\"https:\/\/komedialdia.com\/eu\/politica-de-cookies\/\" \/>\n<meta property=\"og:site_name\" content=\"Komedialdia\" \/>\n<meta property=\"article:modified_time\" content=\"2021-03-30T06:35:10+00:00\" \/>\n<meta property=\"og:image\" content=\"https:\/\/komedialdia.com\/wp-content\/uploads\/2021\/02\/cabecera-01-1350x450px-v2-1.jpg\" \/>\n\t<meta property=\"og:image:width\" content=\"1350\" \/>\n\t<meta property=\"og:image:height\" content=\"450\" \/>\n\t<meta property=\"og:image:type\" content=\"image\/jpeg\" \/>\n<meta name=\"twitter:card\" content=\"summary_large_image\" \/>\n<meta name=\"twitter:label1\" content=\"Est. reading time\" \/>\n\t<meta name=\"twitter:data1\" content=\"8 minutes\" \/>\n<script type=\"application\/ld+json\" class=\"yoast-schema-graph\">{\"@context\":\"https:\\\/\\\/schema.org\",\"@graph\":[{\"@type\":\"WebPage\",\"@id\":\"https:\\\/\\\/komedialdia.com\\\/eu\\\/politica-de-cookies\\\/\",\"url\":\"https:\\\/\\\/komedialdia.com\\\/eu\\\/politica-de-cookies\\\/\",\"name\":\"Cookie-politika - Komedialdia\",\"isPartOf\":{\"@id\":\"https:\\\/\\\/komedialdia.com\\\/#website\"},\"primaryImageOfPage\":{\"@id\":\"https:\\\/\\\/komedialdia.com\\\/eu\\\/politica-de-cookies\\\/#primaryimage\"},\"image\":{\"@id\":\"https:\\\/\\\/komedialdia.com\\\/eu\\\/politica-de-cookies\\\/#primaryimage\"},\"thumbnailUrl\":\"https:\\\/\\\/komedialdia.com\\\/wp-content\\\/uploads\\\/2021\\\/02\\\/cabecera-01-1350x450px-v2-1.jpg\",\"datePublished\":\"2020-12-22T17:12:08+00:00\",\"dateModified\":\"2021-03-30T06:35:10+00:00\",\"breadcrumb\":{\"@id\":\"https:\\\/\\\/komedialdia.com\\\/eu\\\/politica-de-cookies\\\/#breadcrumb\"},\"inLanguage\":\"eu-ES\",\"potentialAction\":[{\"@type\":\"ReadAction\",\"target\":[\"https:\\\/\\\/komedialdia.com\\\/eu\\\/politica-de-cookies\\\/\"]}]},{\"@type\":\"ImageObject\",\"inLanguage\":\"eu-ES\",\"@id\":\"https:\\\/\\\/komedialdia.com\\\/eu\\\/politica-de-cookies\\\/#primaryimage\",\"url\":\"https:\\\/\\\/komedialdia.com\\\/wp-content\\\/uploads\\\/2021\\\/02\\\/cabecera-01-1350x450px-v2-1.jpg\",\"contentUrl\":\"https:\\\/\\\/komedialdia.com\\\/wp-content\\\/uploads\\\/2021\\\/02\\\/cabecera-01-1350x450px-v2-1.jpg\",\"width\":1350,\"height\":450},{\"@type\":\"BreadcrumbList\",\"@id\":\"https:\\\/\\\/komedialdia.com\\\/eu\\\/politica-de-cookies\\\/#breadcrumb\",\"itemListElement\":[{\"@type\":\"ListItem\",\"position\":1,\"name\":\"Home\",\"item\":\"https:\\\/\\\/komedialdia.com\\\/eu\\\/\"},{\"@type\":\"ListItem\",\"position\":2,\"name\":\"Cookie-politika\"}]},{\"@type\":\"WebSite\",\"@id\":\"https:\\\/\\\/komedialdia.com\\\/#website\",\"url\":\"https:\\\/\\\/komedialdia.com\\\/\",\"name\":\"Komedialdia\",\"description\":\"Festival de humor de Vitoria-Gasteiz - Umore jaialdia\",\"potentialAction\":[{\"@type\":\"SearchAction\",\"target\":{\"@type\":\"EntryPoint\",\"urlTemplate\":\"https:\\\/\\\/komedialdia.com\\\/?s={search_term_string}\"},\"query-input\":{\"@type\":\"PropertyValueSpecification\",\"valueRequired\":true,\"valueName\":\"search_term_string\"}}],\"inLanguage\":\"eu-ES\"}]}<\/script>\n<!-- \/ Yoast SEO plugin. -->","yoast_head_json":{"title":"Cookie-politika - Komedialdia","robots":{"index":"index","follow":"follow","max-snippet":"max-snippet:-1","max-image-preview":"max-image-preview:large","max-video-preview":"max-video-preview:-1"},"canonical":"https:\/\/komedialdia.com\/eu\/politica-de-cookies\/","og_locale":"eu_ES","og_type":"article","og_title":"Cookie-politika - Komedialdia","og_url":"https:\/\/komedialdia.com\/eu\/politica-de-cookies\/","og_site_name":"Komedialdia","article_modified_time":"2021-03-30T06:35:10+00:00","og_image":[{"width":1350,"height":450,"url":"https:\/\/komedialdia.com\/wp-content\/uploads\/2021\/02\/cabecera-01-1350x450px-v2-1.jpg","type":"image\/jpeg"}],"twitter_card":"summary_large_image","twitter_misc":{"Est. reading time":"8 minutes"},"schema":{"@context":"https:\/\/schema.org","@graph":[{"@type":"WebPage","@id":"https:\/\/komedialdia.com\/eu\/politica-de-cookies\/","url":"https:\/\/komedialdia.com\/eu\/politica-de-cookies\/","name":"Cookie-politika - Komedialdia","isPartOf":{"@id":"https:\/\/komedialdia.com\/#website"},"primaryImageOfPage":{"@id":"https:\/\/komedialdia.com\/eu\/politica-de-cookies\/#primaryimage"},"image":{"@id":"https:\/\/komedialdia.com\/eu\/politica-de-cookies\/#primaryimage"},"thumbnailUrl":"https:\/\/komedialdia.com\/wp-content\/uploads\/2021\/02\/cabecera-01-1350x450px-v2-1.jpg","datePublished":"2020-12-22T17:12:08+00:00","dateModified":"2021-03-30T06:35:10+00:00","breadcrumb":{"@id":"https:\/\/komedialdia.com\/eu\/politica-de-cookies\/#breadcrumb"},"inLanguage":"eu-ES","potentialAction":[{"@type":"ReadAction","target":["https:\/\/komedialdia.com\/eu\/politica-de-cookies\/"]}]},{"@type":"ImageObject","inLanguage":"eu-ES","@id":"https:\/\/komedialdia.com\/eu\/politica-de-cookies\/#primaryimage","url":"https:\/\/komedialdia.com\/wp-content\/uploads\/2021\/02\/cabecera-01-1350x450px-v2-1.jpg","contentUrl":"https:\/\/komedialdia.com\/wp-content\/uploads\/2021\/02\/cabecera-01-1350x450px-v2-1.jpg","width":1350,"height":450},{"@type":"BreadcrumbList","@id":"https:\/\/komedialdia.com\/eu\/politica-de-cookies\/#breadcrumb","itemListElement":[{"@type":"ListItem","position":1,"name":"Home","item":"https:\/\/komedialdia.com\/eu\/"},{"@type":"ListItem","position":2,"name":"Cookie-politika"}]},{"@type":"WebSite","@id":"https:\/\/komedialdia.com\/#website","url":"https:\/\/komedialdia.com\/","name":"Komedialdia","description":"Festival de humor de Vitoria-Gasteiz - Umore jaialdia","potentialAction":[{"@type":"SearchAction","target":{"@type":"EntryPoint","urlTemplate":"https:\/\/komedialdia.com\/?s={search_term_string}"},"query-input":{"@type":"PropertyValueSpecification","valueRequired":true,"valueName":"search_term_string"}}],"inLanguage":"eu-ES"}]}},"_links":{"self":[{"href":"https:\/\/komedialdia.com\/eu\/wp-json\/wp\/v2\/pages\/4334","targetHints":{"allow":["GET"]}}],"collection":[{"href":"https:\/\/komedialdia.com\/eu\/wp-json\/wp\/v2\/pages"}],"about":[{"href":"https:\/\/komedialdia.com\/eu\/wp-json\/wp\/v2\/types\/page"}],"author":[{"embeddable":true,"href":"https:\/\/komedialdia.com\/eu\/wp-json\/wp\/v2\/users\/1"}],"replies":[{"embeddable":true,"href":"https:\/\/komedialdia.com\/eu\/wp-json\/wp\/v2\/comments?post=4334"}],"version-history":[{"count":4,"href":"https:\/\/komedialdia.com\/eu\/wp-json\/wp\/v2\/pages\/4334\/revisions"}],"predecessor-version":[{"id":4650,"href":"https:\/\/komedialdia.com\/eu\/wp-json\/wp\/v2\/pages\/4334\/revisions\/4650"}],"wp:featuredmedia":[{"embeddable":true,"href":"https:\/\/komedialdia.com\/eu\/wp-json\/wp\/v2\/media\/4184"}],"wp:attachment":[{"href":"https:\/\/komedialdia.com\/eu\/wp-json\/wp\/v2\/media?parent=4334"}],"curies":[{"name":"wp","href":"https:\/\/api.w.org\/{rel}","templated":true}]}}