{"id":4298,"date":"2019-10-21T12:03:31","date_gmt":"2019-10-21T10:03:31","guid":{"rendered":"https:\/\/komedialdia.com\/contacto\/"},"modified":"2022-03-23T21:55:42","modified_gmt":"2022-03-23T20:55:42","slug":"contacto","status":"publish","type":"page","link":"https:\/\/komedialdia.com\/eu\/contacto\/","title":{"rendered":"Kontaktua"},"content":{"rendered":"<p><div class=\"fusion-fullwidth fullwidth-box fusion-builder-row-1 fusion-flex-container nonhundred-percent-fullwidth non-hundred-percent-height-scrolling\" style=\"--awb-border-radius-top-left:0px;--awb-border-radius-top-right:0px;--awb-border-radius-bottom-right:0px;--awb-border-radius-bottom-left:0px;--awb-padding-top:0%;--awb-padding-bottom:4%;--awb-padding-right-small:24px;--awb-padding-left-small:24px;--awb-flex-wrap:wrap;\" ><div class=\"fusion-builder-row fusion-row fusion-flex-align-items-flex-start fusion-flex-justify-content-center fusion-flex-content-wrap\" style=\"max-width:95.68%;margin-left: calc(-4% \/ 2 );margin-right: calc(-4% \/ 2 );\"><div class=\"fusion-layout-column fusion_builder_column fusion-builder-column-0 fusion_builder_column_3_4 3_4 fusion-flex-column fusion-animated\" style=\"--awb-padding-top:0px;--awb-padding-right:0%;--awb-padding-left:0%;--awb-bg-size:cover;--awb-width-large:75%;--awb-margin-top-large:0px;--awb-spacing-right-large:0%;--awb-margin-bottom-large:0%;--awb-spacing-left-large:0%;--awb-width-medium:100%;--awb-order-medium:0;--awb-spacing-right-medium:1.92%;--awb-spacing-left-medium:1.92%;--awb-width-small:100%;--awb-order-small:0;--awb-spacing-right-small:1.92%;--awb-spacing-left-small:1.92%;\" data-animationType=\"fadeIn\" data-animationDuration=\"1.0\" data-animationOffset=\"top-into-view\"><div class=\"fusion-column-wrapper fusion-column-has-shadow fusion-flex-justify-content-flex-start fusion-content-layout-column\"><div class=\"fusion-title title fusion-title-1 fusion-sep-none fusion-title-center fusion-title-text fusion-title-size-one\" style=\"--awb-margin-top-small:0px;--awb-margin-right-small:0px;--awb-margin-left-small:0px;\"><h1 class=\"fusion-title-heading title-heading-center fusion-responsive-typography-calculated\" style=\"margin:0;--fontSize:48;line-height:1.12;\">Kaixo komedialari!<\/h1><\/div><\/div><\/div><\/div><\/div><div class=\"fusion-fullwidth fullwidth-box fusion-builder-row-2 fusion-flex-container nonhundred-percent-fullwidth non-hundred-percent-height-scrolling\" style=\"--awb-background-position:right bottom;--awb-border-radius-top-left:0px;--awb-border-radius-top-right:0px;--awb-border-radius-bottom-right:0px;--awb-border-radius-bottom-left:0px;--awb-padding-top:0%;--awb-padding-right-small:24px;--awb-padding-left-small:24px;--awb-flex-wrap:wrap;\" ><div class=\"fusion-builder-row fusion-row fusion-flex-align-items-flex-start fusion-flex-justify-content-flex-end fusion-flex-content-wrap\" style=\"max-width:95.68%;margin-left: calc(-4% \/ 2 );margin-right: calc(-4% \/ 2 );\"><div class=\"fusion-layout-column fusion_builder_column fusion-builder-column-1 fusion_builder_column_2_3 2_3 fusion-flex-column fusion-animated\" style=\"--awb-padding-top:6%;--awb-padding-right:4%;--awb-padding-bottom:3%;--awb-padding-left:4%;--awb-overflow:hidden;--awb-bg-color:#f7f7f7;--awb-bg-color-hover:#f7f7f7;--awb-bg-size:cover;--awb-border-radius:10px 10px 10px 0px;--awb-width-large:66.666666666667%;--awb-margin-top-large:0px;--awb-spacing-right-large:2.88%;--awb-margin-bottom-large:20px;--awb-spacing-left-large:2.88%;--awb-width-medium:100%;--awb-order-medium:0;--awb-spacing-right-medium:1.92%;--awb-spacing-left-medium:1.92%;--awb-width-small:100%;--awb-order-small:0;--awb-spacing-right-small:1.92%;--awb-spacing-left-small:1.92%;\" data-animationType=\"fadeInUp\" data-animationDuration=\"1.0\" data-animationOffset=\"top-into-view\"><div class=\"fusion-column-wrapper fusion-column-has-shadow fusion-flex-justify-content-flex-start fusion-content-layout-column\">\n<div class=\"wpcf7 no-js\" id=\"wpcf7-f4306-o1\" lang=\"es-ES\" dir=\"ltr\" data-wpcf7-id=\"4306\">\n<div class=\"screen-reader-response\"><p role=\"status\" aria-live=\"polite\" aria-atomic=\"true\"><\/p> <ul><\/ul><\/div>\n<form action=\"\/eu\/wp-json\/wp\/v2\/pages\/4298#wpcf7-f4306-o1\" method=\"post\" class=\"wpcf7-form init\" aria-label=\"Contact form\" novalidate=\"novalidate\" data-status=\"init\">\n<fieldset class=\"hidden-fields-container\"><input type=\"hidden\" name=\"_wpcf7\" value=\"4306\" \/><input type=\"hidden\" name=\"_wpcf7_version\" value=\"6.1.5\" \/><input type=\"hidden\" name=\"_wpcf7_locale\" value=\"es_ES\" \/><input type=\"hidden\" name=\"_wpcf7_unit_tag\" value=\"wpcf7-f4306-o1\" \/><input type=\"hidden\" name=\"_wpcf7_container_post\" value=\"0\" \/><input type=\"hidden\" name=\"_wpcf7_posted_data_hash\" value=\"\" \/><input type=\"hidden\" name=\"_wpcf7_recaptcha_response\" value=\"\" \/>\n<\/fieldset>\n<p><label> Izen-abizenak*<br \/>\n<span class=\"wpcf7-form-control-wrap\" data-name=\"your-name\"><input size=\"40\" maxlength=\"400\" class=\"wpcf7-form-control wpcf7-text wpcf7-validates-as-required\" aria-required=\"true\" aria-invalid=\"false\" value=\"\" type=\"text\" name=\"your-name\" \/><\/span> <\/label>\n<\/p>\n<p><label> Posta elektronikoa*<br \/>\n<span class=\"wpcf7-form-control-wrap\" data-name=\"your-email\"><input size=\"40\" maxlength=\"400\" class=\"wpcf7-form-control wpcf7-email wpcf7-validates-as-required wpcf7-text wpcf7-validates-as-email\" aria-required=\"true\" aria-invalid=\"false\" value=\"\" type=\"email\" name=\"your-email\" \/><\/span> <\/label>\n<\/p>\n<p><label> Telefonoa<br \/>\n<span class=\"wpcf7-form-control-wrap\" data-name=\"your-tel\"><input size=\"40\" maxlength=\"400\" class=\"wpcf7-form-control wpcf7-text\" aria-invalid=\"false\" value=\"\" type=\"text\" name=\"your-tel\" \/><\/span> <\/label>\n<\/p>\n<p><label> Gaia*<br \/>\n<span class=\"wpcf7-form-control-wrap\" data-name=\"your-asunto\"><select class=\"wpcf7-form-control wpcf7-select wpcf7-validates-as-required\" aria-required=\"true\" aria-invalid=\"false\" name=\"your-asunto\"><option value=\"Informazio gehiago nahi dut\">Informazio gehiago nahi dut<\/option><option value=\"Jardun nahi dut\">Jardun nahi dut<\/option><option value=\"Lagundu nahi dut\">Lagundu nahi dut<\/option><\/select><\/span><\/label>\n<\/p>\n<p><label> Zure mezua<br \/>\n<span class=\"wpcf7-form-control-wrap\" data-name=\"your-message\"><textarea cols=\"40\" rows=\"10\" maxlength=\"2000\" class=\"wpcf7-form-control wpcf7-textarea\" aria-invalid=\"false\" name=\"your-message\"><\/textarea><\/span> <\/label>\n<\/p>\n<p><label><span class=\"wpcf7-form-control-wrap\" data-name=\"acceptance-259\"><span class=\"wpcf7-form-control wpcf7-acceptance\"><span class=\"wpcf7-list-item\"><input type=\"checkbox\" name=\"acceptance-259\" value=\"1\" aria-invalid=\"false\" \/><\/span><\/span><\/span><a href=\"#\"> Lege oharra eta pribatasun politika<\/a> irakurrita onartu egiten ditut<\/label>\n<\/p>\n<p style=\"font-size: 10px;\">Le informamos conforme a lo previsto en el RGPD de 27 de abril de 2016 y la Ley Org\u00e1nica 3\/2018 del 5 de diciembre de 2018 que Asociaci\u00f3n KomedialdiAraba Elkartea, recaba y trata sus datos de car\u00e1cter personal, con la finalidad del mantenimiento y gesti\u00f3n de la relaci\u00f3n con las personas usuarias, as\u00ed como las labores de informaci\u00f3n. Usted da su consentimiento y autorizaci\u00f3n para dicho tratamiento. Conservaremos sus datos de car\u00e1cter personal \u00fanicamente el tiempo imprescindible para gestionar nuestra relaci\u00f3n. Podr\u00e1 ejercitar los derechos de acceso, rectificaci\u00f3n, supresi\u00f3n, limitaci\u00f3n, portabilidad y oposici\u00f3n dirigi\u00e9ndose a C\/ Valladolid, 2, 1\u00baE, 01002 Vitoria-Gasteiz (Araba\/\u00c1lava), e-mail: info@komedialdia.com.\n<\/p>\n<p><input class=\"wpcf7-form-control wpcf7-submit has-spinner\" type=\"submit\" value=\"BIDALI\" \/>\n<\/p><div class=\"fusion-alert alert custom alert-custom fusion-alert-center wpcf7-response-output fusion-alert-capitalize awb-alert-native-link-color alert-dismissable awb-alert-close-boxed\" style=\"--awb-border-size:1px;--awb-border-top-left-radius:0px;--awb-border-top-right-radius:0px;--awb-border-bottom-left-radius:0px;--awb-border-bottom-right-radius:0px;\" role=\"alert\"><div class=\"fusion-alert-content-wrapper\"><span class=\"fusion-alert-content\"><\/span><\/div><button type=\"button\" class=\"close toggle-alert\" data-dismiss=\"alert\" aria-label=\"Close\">&times;<\/button><\/div>\n<\/form>\n<\/div>\n<\/div><\/div><div class=\"fusion-layout-column fusion_builder_column fusion-builder-column-2 fusion_builder_column_1_3 1_3 fusion-flex-column fusion-animated\" style=\"--awb-padding-top:12%;--awb-padding-right:9%;--awb-padding-bottom:10%;--awb-padding-left:9%;--awb-overflow:hidden;--awb-bg-color:#e9f5f1;--awb-bg-color-hover:#e9f5f1;--awb-bg-size:cover;--awb-border-color:#e8e8e8;--awb-border-top:0px;--awb-border-right:0px;--awb-border-bottom:0px;--awb-border-left:0px;--awb-border-style:solid;--awb-border-radius:10px 10px 10px 0px;--awb-width-large:33.333333333333%;--awb-margin-top-large:0px;--awb-spacing-right-large:5.76%;--awb-margin-bottom-large:20px;--awb-spacing-left-large:5.76%;--awb-width-medium:100%;--awb-order-medium:0;--awb-spacing-right-medium:1.92%;--awb-spacing-left-medium:1.92%;--awb-width-small:100%;--awb-order-small:0;--awb-spacing-right-small:1.92%;--awb-spacing-left-small:1.92%;\" data-animationType=\"fadeInUp\" data-animationDuration=\"1.0\" data-animationOffset=\"top-into-view\"><div class=\"fusion-column-wrapper fusion-column-has-shadow fusion-flex-justify-content-flex-start fusion-content-layout-column\"><div class=\"fusion-title title fusion-title-2 fusion-sep-none fusion-title-center fusion-title-text fusion-title-size-two\" style=\"--awb-margin-top-small:0px;--awb-margin-right-small:0px;--awb-margin-left-small:0px;--awb-font-size:23px;\"><h2 class=\"fusion-title-heading title-heading-center fusion-responsive-typography-calculated\" style=\"margin:0;font-size:1em;--fontSize:23;--minFontSize:23;line-height:1.3;\">Zer gehiago jakin nahi duzu?<\/h2><\/div><div class=\"fusion-separator fusion-full-width-sep\" style=\"align-self: center;margin-left: auto;margin-right: auto;margin-top:9%;margin-bottom:9%;width:100%;\"><div class=\"fusion-separator-border sep-single sep-solid\" style=\"--awb-height:20px;--awb-amount:20px;--awb-sep-color:rgba(0,0,0,0.12);border-color:rgba(0,0,0,0.12);border-top-width:1px;\"><\/div><\/div><div class=\"fusion-social-links fusion-social-links-1\" style=\"--awb-margin-top:0px;--awb-margin-right:0px;--awb-margin-bottom:0px;--awb-margin-left:0px;--awb-alignment:center;--awb-box-border-top:0px;--awb-box-border-right:0px;--awb-box-border-bottom:0px;--awb-box-border-left:0px;--awb-icon-colors-hover:rgba(190,189,189,0.8);--awb-box-colors-hover:rgba(232,232,232,0.8);--awb-box-border-color:var(--awb-color3);--awb-box-border-color-hover:var(--awb-color4);\"><div class=\"fusion-social-networks color-type-custom\"><div class=\"fusion-social-networks-wrapper\"><a class=\"fusion-social-network-icon fusion-tooltip fusion-facebook awb-icon-facebook\" style=\"color:#53a583;font-size:16px;\" data-placement=\"top\" data-title=\"Facebook\" data-toggle=\"tooltip\" title=\"Facebook\" aria-label=\"facebook\" target=\"_blank\" rel=\"noopener noreferrer\" href=\"https:\/\/www.facebook.com\/komedialdia\/\"><\/a><a class=\"fusion-social-network-icon fusion-tooltip fusion-twitter awb-icon-twitter\" style=\"color:#53a583;font-size:16px;\" data-placement=\"top\" data-title=\"X\" data-toggle=\"tooltip\" title=\"X\" aria-label=\"twitter\" target=\"_blank\" rel=\"noopener noreferrer\" href=\"https:\/\/twitter.com\/komedialdia\"><\/a><a class=\"fusion-social-network-icon fusion-tooltip fusion-instagram awb-icon-instagram\" style=\"color:#53a583;font-size:16px;\" data-placement=\"top\" data-title=\"Instagram\" data-toggle=\"tooltip\" title=\"Instagram\" aria-label=\"instagram\" target=\"_blank\" rel=\"noopener noreferrer\" href=\"https:\/\/www.instagram.com\/komedialdia\/\"><\/a><a class=\"fusion-social-network-icon fusion-tooltip fusion-youtube awb-icon-youtube\" style=\"color:#53a583;font-size:16px;\" data-placement=\"top\" data-title=\"YouTube\" data-toggle=\"tooltip\" title=\"YouTube\" aria-label=\"youtube\" target=\"_blank\" rel=\"noopener noreferrer\" href=\"#\"><\/a><a class=\"fusion-social-network-icon fusion-tooltip fusion-linkedin awb-icon-linkedin\" style=\"color:#53a583;font-size:16px;\" data-placement=\"top\" data-title=\"LinkedIn\" data-toggle=\"tooltip\" title=\"LinkedIn\" aria-label=\"linkedin\" target=\"_blank\" rel=\"noopener noreferrer\" href=\"https:\/\/www.linkedin.com\/company\/komedialdia\/\"><\/a><a class=\"fusion-social-network-icon fusion-tooltip fusion-spotify awb-icon-spotify\" style=\"color:#53a583;font-size:16px;\" data-placement=\"top\" data-title=\"Spotify\" data-toggle=\"tooltip\" title=\"Spotify\" aria-label=\"spotify\" target=\"_blank\" rel=\"noopener noreferrer\" href=\"#\"><\/a><\/div><\/div><\/div><div class=\"fusion-separator fusion-full-width-sep\" style=\"align-self: center;margin-left: auto;margin-right: auto;margin-top:20px;width:100%;\"><\/div><ul style=\"--awb-size:16px;--awb-iconcolor:#49a987;--awb-line-height:27.2px;--awb-icon-width:27.2px;--awb-icon-height:27.2px;--awb-icon-margin:11.2px;--awb-content-margin:38.4px;\" class=\"fusion-checklist fusion-checklist-1 fusion-checklist-default type-icons\"><li class=\"fusion-li-item\" style=\"\"><span class=\"icon-wrapper circle-no\"><i class=\"fusion-li-icon fa-envelope fas\" aria-hidden=\"true\"><\/i><\/span><div class=\"fusion-li-item-content\">\n<p><a href=\"mailto:info@komedialdia.com\" target=\"_blank\" rel=\"noopener\">info@komedialdia.com<\/a><\/p>\n<\/div><\/li><li class=\"fusion-li-item\" style=\"\"><span class=\"icon-wrapper circle-no\"><i class=\"fusion-li-icon fa-phone fas\" aria-hidden=\"true\"><\/i><\/span><div class=\"fusion-li-item-content\"><a href=\"tel:+34688877770\">+34 688 87 77 70<\/a><\/div><\/li><\/ul><div class=\"fusion-separator fusion-full-width-sep\" style=\"align-self: center;margin-left: auto;margin-right: auto;margin-top:20px;width:100%;\"><\/div><div class=\"fusion-image-element \" style=\"text-align:center;--awb-max-width:200px;--awb-caption-title-font-family:var(--h2_typography-font-family);--awb-caption-title-font-weight:var(--h2_typography-font-weight);--awb-caption-title-font-style:var(--h2_typography-font-style);--awb-caption-title-size:var(--h2_typography-font-size);--awb-caption-title-transform:var(--h2_typography-text-transform);--awb-caption-title-line-height:var(--h2_typography-line-height);--awb-caption-title-letter-spacing:var(--h2_typography-letter-spacing);\"><span class=\" fusion-imageframe imageframe-none imageframe-1 hover-type-none\"><img decoding=\"async\" width=\"501\" height=\"753\" title=\"komedifinal\" src=\"https:\/\/komedialdia.com\/wp-content\/uploads\/2021\/02\/komedifinal.png\" data-orig-src=\"https:\/\/komedialdia.com\/wp-content\/uploads\/2021\/02\/komedifinal.png\" alt class=\"lazyload img-responsive wp-image-4097\" srcset=\"data:image\/svg+xml,%3Csvg%20xmlns%3D%27http%3A%2F%2Fwww.w3.org%2F2000%2Fsvg%27%20width%3D%27501%27%20height%3D%27753%27%20viewBox%3D%270%200%20501%20753%27%3E%3Crect%20width%3D%27501%27%20height%3D%27753%27%20fill-opacity%3D%220%22%2F%3E%3C%2Fsvg%3E\" data-srcset=\"https:\/\/komedialdia.com\/wp-content\/uploads\/2021\/02\/komedifinal-200x301.png 200w, https:\/\/komedialdia.com\/wp-content\/uploads\/2021\/02\/komedifinal-400x601.png 400w, https:\/\/komedialdia.com\/wp-content\/uploads\/2021\/02\/komedifinal.png 501w\" data-sizes=\"auto\" data-orig-sizes=\"(max-width: 1024px) 100vw, (max-width: 640px) 100vw, 501px\" \/><\/span><\/div><\/div><\/div><\/div><\/div><\/p>\n","protected":false},"excerpt":{"rendered":"","protected":false},"author":1,"featured_media":6611,"parent":0,"menu_order":0,"comment_status":"closed","ping_status":"closed","template":"","meta":{"footnotes":""},"class_list":["post-4298","page","type-page","status-publish","has-post-thumbnail","hentry"],"yoast_head":"<!-- This site is optimized with the Yoast SEO plugin v27.3 - https:\/\/yoast.com\/product\/yoast-seo-wordpress\/ -->\n<title>Kontaktua - Komedialdia<\/title>\n<meta name=\"robots\" content=\"index, follow, max-snippet:-1, max-image-preview:large, max-video-preview:-1\" \/>\n<link rel=\"canonical\" href=\"https:\/\/komedialdia.com\/eu\/contacto\/\" \/>\n<meta property=\"og:locale\" content=\"eu_ES\" \/>\n<meta property=\"og:type\" content=\"article\" \/>\n<meta property=\"og:title\" content=\"Kontaktua - Komedialdia\" \/>\n<meta property=\"og:url\" content=\"https:\/\/komedialdia.com\/eu\/contacto\/\" \/>\n<meta property=\"og:site_name\" content=\"Komedialdia\" \/>\n<meta property=\"article:modified_time\" content=\"2022-03-23T20:55:42+00:00\" \/>\n<meta property=\"og:image\" content=\"https:\/\/komedialdia.com\/wp-content\/uploads\/2022\/03\/cabecera-01-1350x450px-v-rock.jpg\" \/>\n\t<meta property=\"og:image:width\" content=\"1350\" \/>\n\t<meta property=\"og:image:height\" content=\"450\" \/>\n\t<meta property=\"og:image:type\" content=\"image\/jpeg\" \/>\n<meta name=\"twitter:card\" content=\"summary_large_image\" \/>\n<meta name=\"twitter:label1\" content=\"Est. reading time\" \/>\n\t<meta name=\"twitter:data1\" content=\"10 minutes\" \/>\n<script type=\"application\/ld+json\" class=\"yoast-schema-graph\">{\"@context\":\"https:\\\/\\\/schema.org\",\"@graph\":[{\"@type\":\"WebPage\",\"@id\":\"https:\\\/\\\/komedialdia.com\\\/eu\\\/contacto\\\/\",\"url\":\"https:\\\/\\\/komedialdia.com\\\/eu\\\/contacto\\\/\",\"name\":\"Kontaktua - Komedialdia\",\"isPartOf\":{\"@id\":\"https:\\\/\\\/komedialdia.com\\\/#website\"},\"primaryImageOfPage\":{\"@id\":\"https:\\\/\\\/komedialdia.com\\\/eu\\\/contacto\\\/#primaryimage\"},\"image\":{\"@id\":\"https:\\\/\\\/komedialdia.com\\\/eu\\\/contacto\\\/#primaryimage\"},\"thumbnailUrl\":\"https:\\\/\\\/komedialdia.com\\\/wp-content\\\/uploads\\\/2023\\\/03\\\/fnd-negro.jpg\",\"datePublished\":\"2019-10-21T10:03:31+00:00\",\"dateModified\":\"2022-03-23T20:55:42+00:00\",\"breadcrumb\":{\"@id\":\"https:\\\/\\\/komedialdia.com\\\/eu\\\/contacto\\\/#breadcrumb\"},\"inLanguage\":\"eu-ES\",\"potentialAction\":[{\"@type\":\"ReadAction\",\"target\":[\"https:\\\/\\\/komedialdia.com\\\/eu\\\/contacto\\\/\"]}]},{\"@type\":\"ImageObject\",\"inLanguage\":\"eu-ES\",\"@id\":\"https:\\\/\\\/komedialdia.com\\\/eu\\\/contacto\\\/#primaryimage\",\"url\":\"https:\\\/\\\/komedialdia.com\\\/wp-content\\\/uploads\\\/2023\\\/03\\\/fnd-negro.jpg\",\"contentUrl\":\"https:\\\/\\\/komedialdia.com\\\/wp-content\\\/uploads\\\/2023\\\/03\\\/fnd-negro.jpg\",\"width\":1350,\"height\":450},{\"@type\":\"BreadcrumbList\",\"@id\":\"https:\\\/\\\/komedialdia.com\\\/eu\\\/contacto\\\/#breadcrumb\",\"itemListElement\":[{\"@type\":\"ListItem\",\"position\":1,\"name\":\"Home\",\"item\":\"https:\\\/\\\/komedialdia.com\\\/eu\\\/\"},{\"@type\":\"ListItem\",\"position\":2,\"name\":\"Kontaktua\"}]},{\"@type\":\"WebSite\",\"@id\":\"https:\\\/\\\/komedialdia.com\\\/#website\",\"url\":\"https:\\\/\\\/komedialdia.com\\\/\",\"name\":\"Komedialdia\",\"description\":\"Festival de humor de Vitoria-Gasteiz - Umore jaialdia\",\"potentialAction\":[{\"@type\":\"SearchAction\",\"target\":{\"@type\":\"EntryPoint\",\"urlTemplate\":\"https:\\\/\\\/komedialdia.com\\\/?s={search_term_string}\"},\"query-input\":{\"@type\":\"PropertyValueSpecification\",\"valueRequired\":true,\"valueName\":\"search_term_string\"}}],\"inLanguage\":\"eu-ES\"}]}<\/script>\n<!-- \/ Yoast SEO plugin. -->","yoast_head_json":{"title":"Kontaktua - Komedialdia","robots":{"index":"index","follow":"follow","max-snippet":"max-snippet:-1","max-image-preview":"max-image-preview:large","max-video-preview":"max-video-preview:-1"},"canonical":"https:\/\/komedialdia.com\/eu\/contacto\/","og_locale":"eu_ES","og_type":"article","og_title":"Kontaktua - Komedialdia","og_url":"https:\/\/komedialdia.com\/eu\/contacto\/","og_site_name":"Komedialdia","article_modified_time":"2022-03-23T20:55:42+00:00","og_image":[{"width":1350,"height":450,"url":"https:\/\/komedialdia.com\/wp-content\/uploads\/2022\/03\/cabecera-01-1350x450px-v-rock.jpg","type":"image\/jpeg"}],"twitter_card":"summary_large_image","twitter_misc":{"Est. reading time":"10 minutes"},"schema":{"@context":"https:\/\/schema.org","@graph":[{"@type":"WebPage","@id":"https:\/\/komedialdia.com\/eu\/contacto\/","url":"https:\/\/komedialdia.com\/eu\/contacto\/","name":"Kontaktua - Komedialdia","isPartOf":{"@id":"https:\/\/komedialdia.com\/#website"},"primaryImageOfPage":{"@id":"https:\/\/komedialdia.com\/eu\/contacto\/#primaryimage"},"image":{"@id":"https:\/\/komedialdia.com\/eu\/contacto\/#primaryimage"},"thumbnailUrl":"https:\/\/komedialdia.com\/wp-content\/uploads\/2023\/03\/fnd-negro.jpg","datePublished":"2019-10-21T10:03:31+00:00","dateModified":"2022-03-23T20:55:42+00:00","breadcrumb":{"@id":"https:\/\/komedialdia.com\/eu\/contacto\/#breadcrumb"},"inLanguage":"eu-ES","potentialAction":[{"@type":"ReadAction","target":["https:\/\/komedialdia.com\/eu\/contacto\/"]}]},{"@type":"ImageObject","inLanguage":"eu-ES","@id":"https:\/\/komedialdia.com\/eu\/contacto\/#primaryimage","url":"https:\/\/komedialdia.com\/wp-content\/uploads\/2023\/03\/fnd-negro.jpg","contentUrl":"https:\/\/komedialdia.com\/wp-content\/uploads\/2023\/03\/fnd-negro.jpg","width":1350,"height":450},{"@type":"BreadcrumbList","@id":"https:\/\/komedialdia.com\/eu\/contacto\/#breadcrumb","itemListElement":[{"@type":"ListItem","position":1,"name":"Home","item":"https:\/\/komedialdia.com\/eu\/"},{"@type":"ListItem","position":2,"name":"Kontaktua"}]},{"@type":"WebSite","@id":"https:\/\/komedialdia.com\/#website","url":"https:\/\/komedialdia.com\/","name":"Komedialdia","description":"Festival de humor de Vitoria-Gasteiz - Umore jaialdia","potentialAction":[{"@type":"SearchAction","target":{"@type":"EntryPoint","urlTemplate":"https:\/\/komedialdia.com\/?s={search_term_string}"},"query-input":{"@type":"PropertyValueSpecification","valueRequired":true,"valueName":"search_term_string"}}],"inLanguage":"eu-ES"}]}},"_links":{"self":[{"href":"https:\/\/komedialdia.com\/eu\/wp-json\/wp\/v2\/pages\/4298","targetHints":{"allow":["GET"]}}],"collection":[{"href":"https:\/\/komedialdia.com\/eu\/wp-json\/wp\/v2\/pages"}],"about":[{"href":"https:\/\/komedialdia.com\/eu\/wp-json\/wp\/v2\/types\/page"}],"author":[{"embeddable":true,"href":"https:\/\/komedialdia.com\/eu\/wp-json\/wp\/v2\/users\/1"}],"replies":[{"embeddable":true,"href":"https:\/\/komedialdia.com\/eu\/wp-json\/wp\/v2\/comments?post=4298"}],"version-history":[{"count":5,"href":"https:\/\/komedialdia.com\/eu\/wp-json\/wp\/v2\/pages\/4298\/revisions"}],"predecessor-version":[{"id":4616,"href":"https:\/\/komedialdia.com\/eu\/wp-json\/wp\/v2\/pages\/4298\/revisions\/4616"}],"wp:featuredmedia":[{"embeddable":true,"href":"https:\/\/komedialdia.com\/eu\/wp-json\/wp\/v2\/media\/6611"}],"wp:attachment":[{"href":"https:\/\/komedialdia.com\/eu\/wp-json\/wp\/v2\/media?parent=4298"}],"curies":[{"name":"wp","href":"https:\/\/api.w.org\/{rel}","templated":true}]}}